 {"id":618,"date":"2022-06-15T20:32:12","date_gmt":"2022-06-15T20:32:12","guid":{"rendered":"http:\/\/bullcorpcolombia.com\/index.php\/product\/escalera-tipo-tijera-industrial-5\/"},"modified":"2025-09-03T22:09:52","modified_gmt":"2025-09-03T22:09:52","slug":"escalera-tipo-tijera-industrial-5","status":"publish","type":"product","link":"https:\/\/bullcorpcolombia.com\/index.php\/product\/escalera-tipo-tijera-industrial-5\/","title":{"rendered":"Escalera Tipo tijera Industrial 6 pasos"},"content":{"rendered":"<p>Tijera, dise\u00f1ada para labores domesticas, industriales y profesionales, plegable, liviana y facil de transportar<\/p>\n","protected":false},"excerpt":{"rendered":"<p>Escalera en aluminio Tipo Industrial, ideal para trabajo pesado<\/p>\n<p>Escalera Tijera De Aluminio 6 Pasos Tipo 1i<\/p>\n<p>Escalera 6 pasos peldanos tipo tijera<br \/>\nFabricada 100% en aluminio certificada.<br \/>\nFabricada bajo normas ANSI 14.2<br \/>\n300 Libras de resistencia<\/p>\n<p>Hecho en Colombia, con Aluminio Estructural de alt\u00edsima calidad, podr\u00e1s acceder a los lugares m\u00e1s altos con seguridad.<\/p>\n<p>&nbsp;<\/p>\n","protected":false},"featured_media":605,"comment_status":"closed","ping_status":"closed","template":"","meta":{"site-sidebar-layout":"default","site-content-layout":"default","ast-site-content-layout":"default","site-content-style":"default","site-sidebar-style":"default","ast-global-header-display":"","ast-banner-title-visibility":"","ast-main-header-display":"","ast-hfb-above-header-display":"","ast-hfb-below-header-display":"","ast-hfb-mobile-header-display":"","site-post-title":"","ast-breadcrumbs-content":"","ast-featured-img":"","footer-sml-layout":"","theme-transparent-header-meta":"default","adv-header-id-meta":"","stick-header-meta":"","header-above-stick-meta":"","header-main-stick-meta":"","header-below-stick-meta":"","astra-migrate-meta-layouts":"set","ast-page-background-enabled":"default","ast-page-background-meta":{"desktop":{"background-color":"","background-image":"","background-repeat":"repeat","background-position":"center center","background-size":"auto","background-attachment":"scroll","background-type":"","background-media":"","overlay-type":"","overlay-color":"","overlay-gradient":""},"tablet":{"background-color":"","background-image":"","background-repeat":"repeat","background-position":"center center","background-size":"auto","background-attachment":"scroll","background-type":"","background-media":"","overlay-type":"","overlay-color":"","overlay-gradient":""},"mobile":{"background-color":"","background-image":"","background-repeat":"repeat","background-position":"center center","background-size":"auto","background-attachment":"scroll","background-type":"","background-media":"","overlay-type":"","overlay-color":"","overlay-gradient":""}},"ast-content-background-meta":{"desktop":{"background-color":"var(--ast-global-color-5)","background-image":"","background-repeat":"repeat","background-position":"center center","background-size":"auto","background-attachment":"scroll","background-type":"","background-media":"","overlay-type":"","overlay-color":"","overlay-gradient":""},"tablet":{"background-color":"var(--ast-global-color-5)","background-image":"","background-repeat":"repeat","background-position":"center center","background-size":"auto","background-attachment":"scroll","background-type":"","background-media":"","overlay-type":"","overlay-color":"","overlay-gradient":""},"mobile":{"background-color":"var(--ast-global-color-5)","background-image":"","background-repeat":"repeat","background-position":"center center","background-size":"auto","background-attachment":"scroll","background-type":"","background-media":"","overlay-type":"","overlay-color":"","overlay-gradient":""}},"_joinchat":[]},"product_cat":[26],"product_tag":[],"class_list":{"0":"post-618","1":"product","2":"type-product","3":"status-publish","4":"has-post-thumbnail","6":"product_cat-escalera-en-aluminio","7":"product_shipping_class-costo-estandar","8":"desktop-align-left","9":"tablet-align-left","10":"mobile-align-left","12":"first","13":"instock","14":"sale","15":"sold-individually","16":"purchasable","17":"product-type-simple"},"_links":{"self":[{"href":"https:\/\/bullcorpcolombia.com\/index.php\/wp-json\/wp\/v2\/product\/618"}],"collection":[{"href":"https:\/\/bullcorpcolombia.com\/index.php\/wp-json\/wp\/v2\/product"}],"about":[{"href":"https:\/\/bullcorpcolombia.com\/index.php\/wp-json\/wp\/v2\/types\/product"}],"replies":[{"embeddable":true,"href":"https:\/\/bullcorpcolombia.com\/index.php\/wp-json\/wp\/v2\/comments?post=618"}],"version-history":[{"count":3,"href":"https:\/\/bullcorpcolombia.com\/index.php\/wp-json\/wp\/v2\/product\/618\/revisions"}],"predecessor-version":[{"id":1528,"href":"https:\/\/bullcorpcolombia.com\/index.php\/wp-json\/wp\/v2\/product\/618\/revisions\/1528"}],"wp:featuredmedia":[{"embeddable":true,"href":"https:\/\/bullcorpcolombia.com\/index.php\/wp-json\/wp\/v2\/media\/605"}],"wp:attachment":[{"href":"https:\/\/bullcorpcolombia.com\/index.php\/wp-json\/wp\/v2\/media?parent=618"}],"wp:term":[{"taxonomy":"product_cat","embeddable":true,"href":"https:\/\/bullcorpcolombia.com\/index.php\/wp-json\/wp\/v2\/product_cat?post=618"},{"taxonomy":"product_tag","embeddable":true,"href":"https:\/\/bullcorpcolombia.com\/index.php\/wp-json\/wp\/v2\/product_tag?post=618"}],"curies":[{"name":"wp","href":"https:\/\/api.w.org\/{rel}","templated":true}]}}